{"id":254,"date":"2016-05-12T11:36:22","date_gmt":"2016-05-12T09:36:22","guid":{"rendered":"http:\/\/www.geocaching360.com\/?page_id=254"},"modified":"2016-05-24T11:21:55","modified_gmt":"2016-05-24T09:21:55","slug":"team-building","status":"publish","type":"page","link":"https:\/\/www.geocaching360.com\/es\/team-building\/","title":{"rendered":"TEAM BUILDING"},"content":{"rendered":"<table width=\"100%\" cellspacing=\"0\" cellpadding=\"4\" bgcolor=\"#87b412\">\n<colgroup>\n<col width=\"256*\" \/><\/colgroup>\n<tbody>\n<tr>\n<td style=\"text-align: left;\" valign=\"top\" width=\"100%\"><span style=\"color: #ffffff;\"><strong><span style=\"font-size: 36px;\">Juntos por un objetivo<\/span><\/strong><\/span><\/td>\n<\/tr>\n<\/tbody>\n<\/table>\n<div class=\"divider\" style=\"margin-top:20px; margin-bottom:20px; border-top:1px dotted #CCCCCC;width:100%\"\/><\/div>\n<p style=\"text-align: justify;\"><a href=\"https:\/\/www.geocaching360.com\/wp-content\/uploads\/2016\/05\/IMG_20151121_122001.jpg\"><img loading=\"lazy\" decoding=\"async\" class=\"size-medium wp-image-132 alignleft\" src=\"https:\/\/www.geocaching360.com\/wp-content\/uploads\/2016\/05\/IMG_20151121_122001-300x225.jpg\" alt=\"IMG_20151121_122001\" width=\"300\" height=\"225\" srcset=\"https:\/\/www.geocaching360.com\/wp-content\/uploads\/2016\/05\/IMG_20151121_122001-300x225.jpg 300w, https:\/\/www.geocaching360.com\/wp-content\/uploads\/2016\/05\/IMG_20151121_122001-768x576.jpg 768w, https:\/\/www.geocaching360.com\/wp-content\/uploads\/2016\/05\/IMG_20151121_122001-1024x768.jpg 1024w, https:\/\/www.geocaching360.com\/wp-content\/uploads\/2016\/05\/IMG_20151121_122001-135x100.jpg 135w\" sizes=\"(max-width: 300px) 100vw, 300px\" \/><\/a>El Geocaching es un deporte que se puede practicar de forma individual, pero es\u00a0en grupos que expresa todo su potencial. Precisamente por esta raz\u00f3n en muchas empresas estadounidenses se repiten con frecuencia y con \u00e9xito actividades de equipo.<\/p>\n<p style=\"text-align: justify;\">El geocaching involucra cada miembro de m\u00e1s niveles, hasta el punto que catalizan\u00a0la atenci\u00f3n en la misi\u00f3n de cerrar el grupo en una especie de c\u00e1mara a prueba de agua, fuera de los cuales permanecer\u00e1n fricci\u00f3n y problemas de diversa naturaleza personal o profesional.<\/p>\n<p style=\"text-align: justify;\">El objetivo de un geo-caza es encontrar la mayor cantidad de cach\u00e9s. Lograr implica pasar por\u00a0ciertas etapas, lo que es m\u00e1s r\u00e1pido y m\u00e1s eficaz trabajando\u00a0en equipo, para analizar los problemas, encontrar soluciones y superar los problemas.<\/p>","protected":false},"excerpt":{"rendered":"<p>Juntos por un objetivo El Geocaching es un deporte que se puede practicar de forma individual, pero es\u00a0en grupos que expresa todo su potencial. Precisamente por esta raz\u00f3n en muchas empresas estadounidenses se repiten con frecuencia y con \u00e9xito actividades de equipo. El geocaching involucra cada miembro de m\u00e1s niveles, hasta el punto que catalizan\u00a0la [&hellip;]<\/p>\n","protected":false},"author":1,"featured_media":132,"parent":0,"menu_order":0,"comment_status":"closed","ping_status":"closed","template":"","meta":{"footnotes":""},"_links":{"self":[{"href":"https:\/\/www.geocaching360.com\/es\/wp-json\/wp\/v2\/pages\/254"}],"collection":[{"href":"https:\/\/www.geocaching360.com\/es\/wp-json\/wp\/v2\/pages"}],"about":[{"href":"https:\/\/www.geocaching360.com\/es\/wp-json\/wp\/v2\/types\/page"}],"author":[{"embeddable":true,"href":"https:\/\/www.geocaching360.com\/es\/wp-json\/wp\/v2\/users\/1"}],"replies":[{"embeddable":true,"href":"https:\/\/www.geocaching360.com\/es\/wp-json\/wp\/v2\/comments?post=254"}],"version-history":[{"count":20,"href":"https:\/\/www.geocaching360.com\/es\/wp-json\/wp\/v2\/pages\/254\/revisions"}],"predecessor-version":[{"id":580,"href":"https:\/\/www.geocaching360.com\/es\/wp-json\/wp\/v2\/pages\/254\/revisions\/580"}],"wp:featuredmedia":[{"embeddable":true,"href":"https:\/\/www.geocaching360.com\/es\/wp-json\/wp\/v2\/media\/132"}],"wp:attachment":[{"href":"https:\/\/www.geocaching360.com\/es\/wp-json\/wp\/v2\/media?parent=254"}],"curies":[{"name":"wp","href":"https:\/\/api.w.org\/{rel}","templated":true}]}}