{"id":8,"date":"2015-07-11T21:52:30","date_gmt":"2015-07-11T19:52:30","guid":{"rendered":"http:\/\/geomm.net\/geocaching360\/?page_id=8"},"modified":"2017-06-05T12:03:30","modified_gmt":"2017-06-05T10:03:30","slug":"about","status":"publish","type":"page","link":"https:\/\/www.geocaching360.com\/es\/about\/","title":{"rendered":"QUIENES SOMOS"},"content":{"rendered":"<blockquote>\n<h5 style=\"text-align: center;\"><strong>\u00abNo tengo talentos especiales. Yo s\u00f3lo soy apasionadamente curioso\u00bb.<br \/>\n<em>Albert Einstein<\/em><\/strong><\/h5>\n<\/blockquote>\n<p style=\"text-align: justify;\">Somos profesionales apasionados, dedicados a la pr\u00e1ctica de geocaching regular y diligente desde m\u00e1s de seis a\u00f1os, colocado firmemente en las comunidades geocacheras a nivel local, nacional e internacional.<\/p>\n<p style=\"text-align: justify;\">Conocemos\u00a0a fondo el asunto, el potencial y las herramientas disponibles.<\/p>\n<p style=\"text-align: justify;\">Mantenemos contactos con los canales oficiales de geocaching y tenemos una red de colaboradores de gran seriedad, competencia y profesionalismo.<\/p>","protected":false},"excerpt":{"rendered":"<p>\u00abNo tengo talentos especiales. Yo s\u00f3lo soy apasionadamente curioso\u00bb. Albert Einstein Somos profesionales apasionados, dedicados a la pr\u00e1ctica de geocaching regular y diligente desde m\u00e1s de seis a\u00f1os, colocado firmemente en las comunidades geocacheras a nivel local, nacional e internacional. Conocemos\u00a0a fondo el asunto, el potencial y las herramientas disponibles. Mantenemos contactos con los canales [&hellip;]<\/p>\n","protected":false},"author":1,"featured_media":0,"parent":0,"menu_order":0,"comment_status":"closed","ping_status":"closed","template":"","meta":{"footnotes":""},"_links":{"self":[{"href":"https:\/\/www.geocaching360.com\/es\/wp-json\/wp\/v2\/pages\/8"}],"collection":[{"href":"https:\/\/www.geocaching360.com\/es\/wp-json\/wp\/v2\/pages"}],"about":[{"href":"https:\/\/www.geocaching360.com\/es\/wp-json\/wp\/v2\/types\/page"}],"author":[{"embeddable":true,"href":"https:\/\/www.geocaching360.com\/es\/wp-json\/wp\/v2\/users\/1"}],"replies":[{"embeddable":true,"href":"https:\/\/www.geocaching360.com\/es\/wp-json\/wp\/v2\/comments?post=8"}],"version-history":[{"count":39,"href":"https:\/\/www.geocaching360.com\/es\/wp-json\/wp\/v2\/pages\/8\/revisions"}],"predecessor-version":[{"id":759,"href":"https:\/\/www.geocaching360.com\/es\/wp-json\/wp\/v2\/pages\/8\/revisions\/759"}],"wp:attachment":[{"href":"https:\/\/www.geocaching360.com\/es\/wp-json\/wp\/v2\/media?parent=8"}],"curies":[{"name":"wp","href":"https:\/\/api.w.org\/{rel}","templated":true}]}}