{"id":8,"date":"2015-07-11T21:52:30","date_gmt":"2015-07-11T19:52:30","guid":{"rendered":"http:\/\/geomm.net\/geocaching360\/?page_id=8"},"modified":"2017-06-05T12:03:30","modified_gmt":"2017-06-05T10:03:30","slug":"about","status":"publish","type":"page","link":"https:\/\/www.geocaching360.com\/it\/about\/","title":{"rendered":"CHI SIAMO"},"content":{"rendered":"<blockquote>\n<h5 style=\"text-align: center;\"><strong>&#8220;Non ho alcun talento speciale. Sono solo appassionatamente curioso.&#8221;<em><br \/>\nAlbert Einstein<\/em><\/strong><\/h5>\n<\/blockquote>\n<p>&nbsp;<\/p>\n<p style=\"text-align: justify;\">Siamo professionisti appassionati, dediti alla pratica regolare ed assidua del geocaching da ormai pi\u00f9 di sei anni, inseriti stabilmente nella comunit\u00e0 di geocacher a livello locale, nazionale ed internazionale.<\/p>\n<p style=\"text-align: justify;\">Conosciamo approfonditamente la materia, le potenzialit\u00e0 e gli strumenti a disposizione.<\/p>\n<p style=\"text-align: justify;\">Manteniamo contatti con i canali ufficiali del geocaching e ci avvaliamo di una rete di collaboratori di grande seriet\u00e0, competenza\u00a0e professionalit\u00e0.<\/p>","protected":false},"excerpt":{"rendered":"<p>&#8220;Non ho alcun talento speciale. Sono solo appassionatamente curioso.&#8221; Albert Einstein &nbsp; Siamo professionisti appassionati, dediti alla pratica regolare ed assidua del geocaching da ormai pi\u00f9 di sei anni, inseriti stabilmente nella comunit\u00e0 di geocacher a livello locale, nazionale ed internazionale. Conosciamo approfonditamente la materia, le potenzialit\u00e0 e gli strumenti a disposizione. Manteniamo contatti con [&hellip;]<\/p>\n","protected":false},"author":1,"featured_media":0,"parent":0,"menu_order":0,"comment_status":"closed","ping_status":"closed","template":"","meta":{"footnotes":""},"_links":{"self":[{"href":"https:\/\/www.geocaching360.com\/it\/wp-json\/wp\/v2\/pages\/8"}],"collection":[{"href":"https:\/\/www.geocaching360.com\/it\/wp-json\/wp\/v2\/pages"}],"about":[{"href":"https:\/\/www.geocaching360.com\/it\/wp-json\/wp\/v2\/types\/page"}],"author":[{"embeddable":true,"href":"https:\/\/www.geocaching360.com\/it\/wp-json\/wp\/v2\/users\/1"}],"replies":[{"embeddable":true,"href":"https:\/\/www.geocaching360.com\/it\/wp-json\/wp\/v2\/comments?post=8"}],"version-history":[{"count":39,"href":"https:\/\/www.geocaching360.com\/it\/wp-json\/wp\/v2\/pages\/8\/revisions"}],"predecessor-version":[{"id":759,"href":"https:\/\/www.geocaching360.com\/it\/wp-json\/wp\/v2\/pages\/8\/revisions\/759"}],"wp:attachment":[{"href":"https:\/\/www.geocaching360.com\/it\/wp-json\/wp\/v2\/media?parent=8"}],"curies":[{"name":"wp","href":"https:\/\/api.w.org\/{rel}","templated":true}]}}